{"id":25,"date":"2022-09-18T09:38:57","date_gmt":"2022-09-18T07:38:57","guid":{"rendered":"http:\/\/kalintikos.fr\/?page_id=25"},"modified":"2022-09-19T22:49:37","modified_gmt":"2022-09-19T20:49:37","slug":"mentions-legales","status":"publish","type":"page","link":"https:\/\/kalintikos.fr\/index.php\/mentions-legales\/","title":{"rendered":""},"content":{"rendered":"\n<pre class=\"wp-block-verse\"><strong>Mentions L\u00e9gales<\/strong>\n\nIDENTIFICATION DE L\u2019EDITEUR DU SITE INTERNET\nCe site est \u00e9dit\u00e9 par Kalintikos, Entreprise individuelle.\nNum\u00e9ro SIRET (si\u00e8ge) : 90426042900017\nConseil pour les affaires et autres conseils de gestion (7022Z)\nAdresse : 50 Chemin des M\u00e9jeans \u2013 13122 VENTABREN\nDirecteur de la publication : M. SABLONNIERE Yannick\nSite : kalintikos.fr\nmail : contact@kalintikos.fr\n\nCREATEUR DU SITE INTERNET\nKalintikos, Entreprise individuelle.\nNum\u00e9ro SIRET (si\u00e8ge) : 90426042900017\nConseil pour les affaires et autres conseils de gestion (7022Z)\nAdresse : 50 Chemin des M\u00e9jeans \u2013 13122 VENTABREN\nDirecteur de la publication : M. SABLONNIERE Yannick\nSite : kalintikos.fr\nmail : contact@kalintikos.fr\n\nHEBERGEUR DU SITE INTERNET\nOVH\nSAS au capital de 10 174 560 \u20ac\nRCS Lille M\u00e9tropole 424 761 419 00045\nCode APE 2620Z\nN\u00b0 TVA : FR 22 424 761 419\nSi\u00e8ge social : 2 rue Kellermann - 59100 Roubaix - France\n \nPr\u00e9sident : Michel Paulin\nOVH SAS est une filiale de la soci\u00e9t\u00e9 OVH Groupe SA, soci\u00e9t\u00e9 immatricul\u00e9e au RCS de Lille sous le num\u00e9ro 537 407 926 sise 2, rue Kellermann, 59100 Roubaix.\n\nRESPONSABILITE FACE AUX LIENS VERS D\u2019AUTRES SITES\nLe site kalintikos.fr peut proposer des liens vers d\u2019autres sites web. Chaque fois, il est syst\u00e9matiquement pr\u00e9cis\u00e9 vers quel site nous vous proposons d\u2019aller. Ces pages, dont les adresses sont r\u00e9guli\u00e8rement v\u00e9rifi\u00e9es, ne font pas partie du site kalintikos.fr : elles n\u2019engagent pas la responsabilit\u00e9 de la r\u00e9daction du site qui ne peut \u00eatre tenue pour responsable des contenus vers lesquels ces liens pointent. Ils ne visent qu\u2019\u00e0 permettre \u00e0 l\u2019internaute d\u2019acc\u00e9der plus facilement \u00e0 d\u2019autres ressources sur le sujet consult\u00e9.\n\nPROPRIETE INTELLECTUELLE\nLa structure g\u00e9n\u00e9rale ainsi que les textes, images et tous les autres \u00e9l\u00e9ments composant le site sont la propri\u00e9t\u00e9 exclusive de Kalintikos.\nToute repr\u00e9sentation totale ou partielle de ce site par quelle que personne que ce soit, sans l\u2019autorisation expresse de Kalintikos est interdite et constituerait une contrefa\u00e7on sanctionn\u00e9e par les articles L. 335-2 et suivants du Code de la propri\u00e9t\u00e9 intellectuelle.\nIl en est de m\u00eame des bases de donn\u00e9es figurant, le cas \u00e9ch\u00e9ant, sur le site web qui sont prot\u00e9g\u00e9es par les dispositions de la loi du 1 juillet 1998 portant transposition dans le Code de la propri\u00e9t\u00e9 intellectuelle de la directive du 11 mars 1996 relative \u00e0 la protection juridique des bases de donn\u00e9es, et dont Kalintikos est producteur.\n\nProtection des donn\u00e9es et de la vie priv\u00e9e\nPour toute information compl\u00e9mentaire sur la protection des donn\u00e9es personnelles, nous vous invitons \u00e0 consulter le site : https:\/\/www.cnil.fr\/\n\n1.\tResponsable du traitement (au sens de la loi 78-17 dite loi \u00ab CNIL \u00bb)\nVos donn\u00e9es sont collect\u00e9es par : Kalintikos\nUne donn\u00e9e \u00e0 caract\u00e8re personnel d\u00e9signe toute information concernant une personne physique identifi\u00e9e ou identifiable (personne concern\u00e9e) ; est r\u00e9put\u00e9e identifiable une personne qui peut \u00eatre identifi\u00e9e, directement ou indirectement, notamment par r\u00e9f\u00e9rence \u00e0 un num\u00e9ro d\u2019identification ou \u00e0 un ou plusieurs \u00e9l\u00e9ments sp\u00e9cifiques, propres \u00e0 son identit\u00e9 physique, physiologique, psychique, \u00e9conomique, culturelle ou sociale.\nDonn\u00e9es CNIL\nNom de domaine : kalintikos.fr \n\u00ab Conform\u00e9ment \u00e0 la loi du 06.01.1978, ces informations peuvent donner lieu \u00e0 l\u2019exercice d\u2019un droit d\u2019acc\u00e8s et de rectification aupr\u00e8s de notre service.  \u00bb Vous disposez d\u2019un droit d\u2019acc\u00e8s, de modification, de rectification et de suppression des donn\u00e9es qui vous concernent (art. 34 de la loi \u00ab Informatique et Libert\u00e9s \u00bb). Pour l\u2019exercer, adressez-vous \u00e0 : Kalintikos - 50 Chemin des M\u00e9jeans \u2013 13122 VENTABREN \nUtilisation des \u00ab cookies \u00bb\nQu\u2019est-ce qu\u2019un \u00ab cookie \u00bb ?\nUn \u00ab Cookie \u00bb ou traceur est un fichier \u00e9lectronique d\u00e9pos\u00e9 sur un terminal (ordinateur, tablette, smartphone,\u2026) et lu par exemple lors de la consultation d\u2019un site internet, de la lecture d\u2019un courrier \u00e9lectronique, de l\u2019installation ou de l\u2019utilisation d\u2019un logiciel ou d\u2019une application mobile et ce quel que soit le type de terminal utilis\u00e9. (source : https:\/\/www.cnil.fr\/fr\/cookies-traceurs-que-dit-la-loi )\nEn naviguant sur le site de Kalintikos, des \u00ab cookies \u00bb \u00e9manant de la soci\u00e9t\u00e9 responsable du site concern\u00e9 pourront \u00eatre d\u00e9pos\u00e9s sur votre terminal.\nLors de la navigation sur le site de Kalintikos, une banni\u00e8re explicative sur l\u2019utilisation des \u00ab cookies \u00bb appara\u00eetra. D\u00e8s lors, en poursuivant la navigation, le client et\/ou prospect sera r\u00e9put\u00e9 inform\u00e9 et avoir accept\u00e9 l\u2019utilisation desdits \u00ab cookies \u00bb. Le consentement donn\u00e9 sera valable pour une dur\u00e9e de 3 mois.\nPour plus d\u2019informations sur l\u2019utilisation, la gestion et la suppression des \u00ab cookies \u00bb, pour tout type de navigateur, nous vous invitons \u00e0 consulter le lien suivant :\nhttps:\/\/www.cnil.fr\/fr\/cookies-les-outils-pour-les-maitriser\n\n<\/pre>\n","protected":false},"excerpt":{"rendered":"<p>Mentions L\u00e9gales IDENTIFICATION DE L\u2019EDITEUR DU SITE INTERNET Ce site est \u00e9dit\u00e9 par Kalintikos, Entreprise individuelle. Num\u00e9ro SIRET (si\u00e8ge) : 90426042900017 Conseil pour les affaires et autres conseils de gestion (7022Z) Adresse : 50 Chemin des M\u00e9jeans \u2013 13122 VENTABREN Directeur de la publication : M. SABLONNIERE Yannick Site : kalintikos.fr mail : contact@kalintikos.fr CREATEUR &hellip;<\/p>\n<p class=\"read-more\"> <a class=\"\" href=\"https:\/\/kalintikos.fr\/index.php\/mentions-legales\/\">  Read More &raquo;<\/a><\/p>\n","protected":false},"author":1,"featured_media":0,"parent":0,"menu_order":0,"comment_status":"closed","ping_status":"closed","template":"","meta":{"site-sidebar-layout":"default","site-content-layout":"default","ast-global-header-display":"","ast-main-header-display":"","ast-hfb-above-header-display":"","ast-hfb-below-header-display":"","ast-hfb-mobile-header-display":"","site-post-title":"","ast-breadcrumbs-content":"","ast-featured-img":"","footer-sml-layout":"","theme-transparent-header-meta":"","adv-header-id-meta":"","stick-header-meta":"","header-above-stick-meta":"","header-main-stick-meta":"","header-below-stick-meta":"","footnotes":""},"class_list":["post-25","page","type-page","status-publish","hentry"],"_links":{"self":[{"href":"https:\/\/kalintikos.fr\/index.php\/wp-json\/wp\/v2\/pages\/25","targetHints":{"allow":["GET"]}}],"collection":[{"href":"https:\/\/kalintikos.fr\/index.php\/wp-json\/wp\/v2\/pages"}],"about":[{"href":"https:\/\/kalintikos.fr\/index.php\/wp-json\/wp\/v2\/types\/page"}],"author":[{"embeddable":true,"href":"https:\/\/kalintikos.fr\/index.php\/wp-json\/wp\/v2\/users\/1"}],"replies":[{"embeddable":true,"href":"https:\/\/kalintikos.fr\/index.php\/wp-json\/wp\/v2\/comments?post=25"}],"version-history":[{"count":3,"href":"https:\/\/kalintikos.fr\/index.php\/wp-json\/wp\/v2\/pages\/25\/revisions"}],"predecessor-version":[{"id":67,"href":"https:\/\/kalintikos.fr\/index.php\/wp-json\/wp\/v2\/pages\/25\/revisions\/67"}],"wp:attachment":[{"href":"https:\/\/kalintikos.fr\/index.php\/wp-json\/wp\/v2\/media?parent=25"}],"curies":[{"name":"wp","href":"https:\/\/api.w.org\/{rel}","templated":true}]}}