{"id":23,"date":"2022-09-18T09:38:14","date_gmt":"2022-09-18T07:38:14","guid":{"rendered":"http:\/\/kalintikos.fr\/?page_id=23"},"modified":"2022-09-19T22:43:16","modified_gmt":"2022-09-19T20:43:16","slug":"nos-services","status":"publish","type":"page","link":"https:\/\/kalintikos.fr\/index.php\/nos-services\/","title":{"rendered":"Nos services"},"content":{"rendered":"\n<div class=\"wp-block-buttons is-content-justification-center is-layout-flex wp-container-core-buttons-is-layout-a89b3969 wp-block-buttons-is-layout-flex\"><\/div>\n\n\n\n<pre class=\"wp-block-verse has-ast-global-color-0-color has-ast-global-color-5-background-color has-text-color has-background\"><strong>ACCOMPAGNEMENT PERSONNALISE<\/strong>\n- Mise en place et\/ou S\u00e9curisation des BPF Cosm\u00e9tiques (ISO 22716)\n- Mise en place et\/ou S\u00e9curisation des BPF Ingr\u00e9dients Cosm\u00e9tiques (EFfCI)\n- Mise en place ou r\u00e9vision du Syst\u00e8me de Management de la Qualit\u00e9 (SMQ)\n- Management de la sous-traitance\n- Gestion du changement\n- Gestion du nettoyage \/ \u00ab validation du nettoyage \u00bb<\/pre>\n\n\n\n<pre class=\"wp-block-verse has-ast-global-color-5-color has-midnight-gradient-background has-text-color has-background\"><strong>FORMATIONS<\/strong>\n- Management de la Qualit\u00e9 (ISO 9001 \/ ISO 22716 \/ EFfCI)\n- BPF Cosm\u00e9tiques (ISO 22716)\n- BPF Ingr\u00e9dients Cosm\u00e9tiques (EFfCI)\n- Auditeurs internes \/ externes\n<\/pre>\n\n\n\n<pre class=\"wp-block-verse has-ast-global-color-0-color has-ast-global-color-5-background-color has-text-color has-background\"><strong>AUDITS <\/strong><em>(selon BPF Cosm\u00e9tiques, EFfCI)<\/em>\n- Autodiagnostic \n- Audit internes\n- Audits des fournisseurs MP\n- Audits des fournisseurs AC\n- Audits des sous-traitants (Fabrication, conditionnement, analyses, stockage,\u2026)<\/pre>\n\n\n\n<pre class=\"wp-block-verse has-ast-global-color-5-color has-midnight-gradient-background has-text-color has-background\"><strong>MANAGEMENT<\/strong>\n- Management des \u00e9quipes par la valeur\n- Management du changement\n- Teams Building personnalis\u00e9<\/pre>\n\n\n\n<pre class=\"wp-block-verse has-text-align-center has-white-color has-ast-global-color-0-background-color has-text-color has-background\"><strong>Et si toutes les OFFRES \u00e9taient regroup\u00e9es en une seule OFFRE :\nKALINTIKOS vous propose l\u2019ABONNEMENT.<\/strong>\n\nChoisissez votre forfait adapt\u00e9 \u00e0 vos besoins et profitez de l\u2019ensemble des offres sur-mesure et m\u00eame plus\u2026 \u00e0 un prix avantageux.\n\n\u2026 Contactez-nous pour profiter de l\u2019ABONNEMENT by Kalintikos\n<\/pre>\n\n\n\n<pre class=\"wp-block-verse has-text-align-right has-background\" style=\"background-color:#49daebd9\">Tous les renseignements sur nos offres \u00e0 l\u2019adresse : <strong>contact@kalintikos.fr<\/strong>\nou au <strong>06.81.22.10.72<\/strong><\/pre>\n","protected":false},"excerpt":{"rendered":"<p>ACCOMPAGNEMENT PERSONNALISE &#8211; Mise en place et\/ou S\u00e9curisation des BPF Cosm\u00e9tiques (ISO 22716) &#8211; Mise en place et\/ou S\u00e9curisation des BPF Ingr\u00e9dients Cosm\u00e9tiques (EFfCI) &#8211; Mise en place ou r\u00e9vision du Syst\u00e8me de Management de la Qualit\u00e9 (SMQ) &#8211; Management de la sous-traitance &#8211; Gestion du changement &#8211; Gestion du nettoyage \/ \u00ab validation du &hellip;<\/p>\n<p class=\"read-more\"> <a class=\"\" href=\"https:\/\/kalintikos.fr\/index.php\/nos-services\/\"> <span class=\"screen-reader-text\">Nos services<\/span> Read More &raquo;<\/a><\/p>\n","protected":false},"author":1,"featured_media":0,"parent":0,"menu_order":0,"comment_status":"closed","ping_status":"closed","template":"","meta":{"site-sidebar-layout":"default","site-content-layout":"default","ast-global-header-display":"","ast-main-header-display":"","ast-hfb-above-header-display":"","ast-hfb-below-header-display":"","ast-hfb-mobile-header-display":"","site-post-title":"","ast-breadcrumbs-content":"","ast-featured-img":"","footer-sml-layout":"","theme-transparent-header-meta":"","adv-header-id-meta":"","stick-header-meta":"","header-above-stick-meta":"","header-main-stick-meta":"","header-below-stick-meta":"","footnotes":""},"class_list":["post-23","page","type-page","status-publish","hentry"],"_links":{"self":[{"href":"https:\/\/kalintikos.fr\/index.php\/wp-json\/wp\/v2\/pages\/23","targetHints":{"allow":["GET"]}}],"collection":[{"href":"https:\/\/kalintikos.fr\/index.php\/wp-json\/wp\/v2\/pages"}],"about":[{"href":"https:\/\/kalintikos.fr\/index.php\/wp-json\/wp\/v2\/types\/page"}],"author":[{"embeddable":true,"href":"https:\/\/kalintikos.fr\/index.php\/wp-json\/wp\/v2\/users\/1"}],"replies":[{"embeddable":true,"href":"https:\/\/kalintikos.fr\/index.php\/wp-json\/wp\/v2\/comments?post=23"}],"version-history":[{"count":3,"href":"https:\/\/kalintikos.fr\/index.php\/wp-json\/wp\/v2\/pages\/23\/revisions"}],"predecessor-version":[{"id":64,"href":"https:\/\/kalintikos.fr\/index.php\/wp-json\/wp\/v2\/pages\/23\/revisions\/64"}],"wp:attachment":[{"href":"https:\/\/kalintikos.fr\/index.php\/wp-json\/wp\/v2\/media?parent=23"}],"curies":[{"name":"wp","href":"https:\/\/api.w.org\/{rel}","templated":true}]}}